{"id":29612,"date":"2020-03-01T18:38:59","date_gmt":"2020-03-01T17:38:59","guid":{"rendered":"https:\/\/www.phode-animalcare.com\/terms-conditions\/"},"modified":"2025-06-23T12:23:49","modified_gmt":"2025-06-23T10:23:49","slug":"terms-conditions","status":"publish","type":"page","link":"https:\/\/www.phode-animalcare.com\/en-eu\/terms-conditions\/","title":{"rendered":"Terms &amp; Conditions"},"content":{"rendered":"\t\t<div data-elementor-type=\"wp-page\" data-elementor-id=\"29612\" class=\"elementor elementor-29612 elementor-8117\" data-elementor-post-type=\"page\">\n\t\t\t\t<div class=\"elementor-element elementor-element-54ddc40 e-flex e-con-boxed e-con e-parent\" data-id=\"54ddc40\" data-element_type=\"container\" data-e-type=\"container\" data-settings=\"{&quot;background_background&quot;:&quot;classic&quot;}\">\n\t\t\t\t\t<div class=\"e-con-inner\">\n\t\t<div class=\"elementor-element elementor-element-b4c546a e-con-full e-flex e-con e-child\" data-id=\"b4c546a\" data-element_type=\"container\" data-e-type=\"container\" data-settings=\"{&quot;background_background&quot;:&quot;classic&quot;}\">\n\t\t<div class=\"elementor-element elementor-element-67ba610 e-con-full e-flex e-con e-child\" data-id=\"67ba610\" data-element_type=\"container\" data-e-type=\"container\">\n\t\t\t\t<div class=\"elementor-element elementor-element-8f7c8cb elementor-widget elementor-widget-breadcrumbs\" data-id=\"8f7c8cb\" data-element_type=\"widget\" data-e-type=\"widget\" data-widget_type=\"breadcrumbs.default\">\n\t\t\t\t<div class=\"elementor-widget-container\">\n\t\t\t\t\t<p id=\"breadcrumbs\"><span><span><a href=\"https:\/\/www.phode-animalcare.com\/en-eu\/\">Home<\/a><\/span><\/span><\/p>\t\t\t\t<\/div>\n\t\t\t\t<\/div>\n\t\t\t\t<div class=\"elementor-element elementor-element-bc2364a elementor-invisible elementor-widget elementor-widget-heading\" data-id=\"bc2364a\" data-element_type=\"widget\" data-e-type=\"widget\" data-settings=\"{&quot;_animation&quot;:&quot;fadeIn&quot;}\" data-widget_type=\"heading.default\">\n\t\t\t\t<div class=\"elementor-widget-container\">\n\t\t\t\t\t<h2 class=\"elementor-heading-title elementor-size-default\">Terms &amp; Conditions<\/h2>\t\t\t\t<\/div>\n\t\t\t\t<\/div>\n\t\t\t\t<\/div>\n\t\t<div class=\"elementor-element elementor-element-65a2c6a e-con-full e-flex e-con e-child\" data-id=\"65a2c6a\" data-element_type=\"container\" data-e-type=\"container\">\n\t\t\t\t<\/div>\n\t\t\t\t<\/div>\n\t\t\t\t\t<\/div>\n\t\t\t\t<\/div>\n\t\t\t\t<section class=\"elementor-section elementor-top-section elementor-element elementor-element-c13024a elementor-section-boxed elementor-section-height-default elementor-section-height-default\" data-id=\"c13024a\" data-element_type=\"section\" data-e-type=\"section\">\n\t\t\t\t\t\t<div class=\"elementor-container elementor-column-gap-default\">\n\t\t\t\t\t<div class=\"elementor-column elementor-col-100 elementor-top-column elementor-element elementor-element-2725449\" data-id=\"2725449\" data-element_type=\"column\" data-e-type=\"column\">\n\t\t\t<div class=\"elementor-widget-wrap elementor-element-populated\">\n\t\t\t\t\t\t<div class=\"elementor-element elementor-element-62d3290 elementor-widget elementor-widget-text-editor\" data-id=\"62d3290\" data-element_type=\"widget\" data-e-type=\"widget\" data-widget_type=\"text-editor.default\">\n\t\t\t\t<div class=\"elementor-widget-container\">\n\t\t\t\t\t\t\t\t\t<p><strong>Data controler, owner responsible for this website www.phode-animalcare.com :<\/strong><\/p>\n<p>Laboratoires Phod\u00e9<br>ZI Albip\u00f4le &#8211; 81150 Terssac (France)<br>T. +33-(0)5 63 77 80 60<\/p>\n<p>SAS au capital de 1 465 490 \u20ac<br>Registered on the RCS of Albi under number 503 972 598<br>Publication director : M. Pierre Etienne<\/p>\n<p><strong>DATA HOSTING<\/strong><\/p>\n<p>OVH<br>SAS au capital de 10 069 020 \u20ac<br>Registered on the RCS of Lille M\u00e9tropole under number 424 761&nbsp;419<\/p>\n<p>APE Code 2620Z<\/p>\n<p>Tax number : FR 22 424 761 419<br>Headquarter address : 2 rue Kellermann \u2013 59100 Roubaix (France)<\/p>\n<p><strong>PERSONAL DATA AND COLLECTION :<\/strong><\/p>\n<p>The term \u00ab&nbsp;personal data&nbsp;\u00bb refers to information that identifies you, such as your full name, date of birth, email address and\/or postal address.<\/p>\n<p>During your browsing on the <strong>PHOD\u00c9<\/strong> website (hereinafter the \u00ab&nbsp;Website&nbsp;\u00bb) you are likely to communication personal data concernin yourself by suscribing to a newsletter, filling in a contact orm, creating or accessing a personal space, etc.<\/p>\n<p>The main purpose of the collection of personal data mentioned above is to enable PHOD\u00c9 to provide you with an access to the information and services for which you have suscribed, to manage your personal space, or to send your commercial information from PHOD\u00c9 and\/or its commercial partners, subject to your prior authorisation.<\/p>\n<p>PHOD\u00c9 is the recipient of the personal data collected as well as (where applicable), its service providers who account on its behalf in the implementation of the Website and the services used by users.<\/p>\n<p><strong>PHOD\u00c9 <\/strong>retains your data for one (1) year, in particular for reporting or documentation purposes, in accordance with legal and ethical requirements regarding storage periods.<\/p>\n<p>In accordance with the Regulation (EU) 2016\/679 of the European Parliament and of the Council of 27 April 2016, you may exercise your right to access and correct your personal data by contacting us at the following email address:&nbsp;<strong>dpo@phode.fr<\/strong><\/p>\n<p><strong>CONFIDENTIALITY AND SAFETY OF THE PERSONAL DATA :<\/strong><\/p>\n<p><strong>PHOD\u00c9 <\/strong>undertakes to respect the confidentiality and security of the personal data it holds and not to make such data accessible to third parties, except in the cases provided for herein.<\/p>\n<p><strong>PHOD\u00c9<\/strong> also undertakes to make its best efforts to implement appropriate technical security and organisational measures to protect personal data in accordance with these terms of use and the legal provisions in force.<\/p>\n<p><strong>ACCESS RIGHTS:<\/strong><\/p>\n<p>In accordance with the Regulation (EU) 2016\/679 of the European Parliament and of the Council of 27 April 2016, you have the right to access, rectify and delete your personal data, as well as the right to restrict processing where applicable.&nbsp; Conform\u00e9ment \u00e0 la Loi informatique et libert\u00e9s n\u00b0 78-17 du 6 janvier 1978, vous disposez d\u2019un droit d\u2019acc\u00e8s, de rectification et de suppression de vos donn\u00e9es personnelles, ainsi qu\u2019un droit \u00e0 la limitation du traitement dans la mesure de son applicabilit\u00e9. Furthemore, you may also (subject to legitimate reasons) object to the processing of some of your personal data.<\/p>\n<p>If you wish to exercise one of these rights, PHOD\u00c9 undertakes to respond within one (1) month of receipt of the complaint via the following email address: dpo@phode.fr .<\/p>\n<p>After the aforementioned period, you have the right to lodge a complaint with the Data Protection Officer,<\/p>\n<p><a href=\"https:\/\/www.edps.europa.eu\/data-protection\/our-role-supervisor\/complaints\/edps-complaint-form_fr\">https:\/\/www.edps.europa.eu\/data-protection\/our-role-supervisor\/complaints\/edps-complaint-form_fr<\/a><\/p>\n<p><strong>&nbsp;<\/strong><\/p>\n<p><strong>TRANSFER OF PERSONAL DATA ABROAD (outside european union) :<\/strong><\/p>\n<p>If the level of protection of personal data in a foreign country does not comply with recognised international standards, we will ensure that data transmissions to data banks in the said country are adequately protected and that data is not transmitted to third parties without your express prior consent.<\/p>\n<p><strong>LOI APPLICABLE LAW ANDJURISDICTIONAL COMPETENCE&nbsp;:<\/strong><\/p>\n<p>This legal notice shall be governed and construed in accordance with French law. The French courts shall have jurisdiction to settle any dispute arising from non-compliance with these terms and conditions.<\/p>\n<p><strong>GeNeRAL provisions&nbsp;:<\/strong><\/p>\n<p>These provisions constitute all the legal notices applicable to this Website, whose registered office is located at Zone Industrielle Albip\u00f4le, Avenue de La Martelle, 81150 Terssac, France.<\/p>\n<p>By accessing the Website and\/or consulting the information provided on it, you agree to be bound by the provisions set out below.<\/p>\n<p><strong>PURPOSE AND DESTINATION OF THE WEBSITE<\/strong><\/p>\n<p>This Website has been created to provide you with information about PHOD\u00c9, such as its organisation, research, products, geographical locations and\/or communications.<\/p>\n<p>All the information provided on this Website should not be considered as a substitute for any form of advice. For further information on how to use the products and\/or the information mentioned, please contact us.&nbsp;<\/p>\n<p>Otherwise, PHOD\u00c9 cannot be held responsible for the use you may make of the products and\/or the interpretation of the information mentioned on the Website.<\/p>\n<p>PHOD\u00c9 endeavours to provide accurate, complete and up-to-date information, obtained from information and\/or sources considered to be reliable. However, PHOD\u00c9 cannot guarantee the accuracy, updating and\/or exhaustiveness of all said information.<\/p>\n<p>The Website has been designed by PHOD\u00c9 in accordance with the legal provisions applicable on the territory of the European Union. However, no guarantee can be given that the information mentioned on the Website is appropriate for use in other countries outside the European Union. You are responsible for complying with the local laws applicable to the country in which you consult the Site.<\/p>\n<p>PHOD\u00c9 cannot guarantee the permanent, error-free or uninterrupted operation of the Website. Use of the Website may be hindered by other users who may endanger and\/or compromise its proper operation and\/or affect the information mentioned.&nbsp;<\/p>\n<p><strong>PRODUCTS AND SERVICES<\/strong><\/p>\n<p>Due to non-harmonised regulations, certains claims and mentions attached to products marketed by PHOD\u00c9 may not be applicable to certain geographical areas due to the laws and regulations in force in said areas.<\/p>\n<p>The availability of products marketed by PHOD\u00c9 is not guaranteed in all geographical areas, please contact us for more information.<\/p>\t\t\t\t\t\t\t\t<\/div>\n\t\t\t\t<\/div>\n\t\t\t\t<div class=\"elementor-element elementor-element-95291d4 elementor-widget elementor-widget-text-editor\" data-id=\"95291d4\" data-element_type=\"widget\" data-e-type=\"widget\" id=\"confidentialite\" data-widget_type=\"text-editor.default\">\n\t\t\t\t<div class=\"elementor-widget-container\">\n\t\t\t\t\t\t\t\t\t<p><strong style=\"color: var( --e-global-color-text ); font-family: var( --e-global-typography-text-font-family ), Sans-serif; font-size: var( --e-global-typography-text-font-size ); font-style: var( --e-global-typography-text-font-style ); letter-spacing: var( --e-global-typography-text-letter-spacing ); text-transform: var( --e-global-typography-text-text-transform );\">INTELLECTUAL PROPERTY RIGHTS AND CONFIDENTIALITY\u00a0:<\/strong><\/p><p>\u00a0<\/p><p>All information mentioned on the Website is subject to confidentiality. this information concerns notably all products, photographs, explanatory notes and any other data referring to PHOD\u00c9&#8217;s products and know-how..\u00a0<\/p><p>All logos, graphics and text available on the Website, as well as all product names or trademarks mentioned, are the exclusive property of PHOD\u00c9 and\/or its subsidiaries.<\/p><p>PHOD\u00c9 holds all rights (including copyrights, trademarks, patents, as well as any other intellectual property right) with respect to all information mentioned on the Website.<\/p><p>You may download, save and\/or print the information available on the Site for exclusively private and non-commercial use without modifying it in any way whatsoever. Whenever you download, save or print this information, you must ensure that each copy bears the following mention : <em>\u00ab\u00a0This document comes from the PHOD\u00c9\u2019s website (<\/em><a href=\"https:\/\/www.phode.com\"><em>https:\/\/www.phode.com<\/em><\/a><em>) &#8211; All rights reserve\u00a0\u00bb.<\/em><\/p><p>Any other use is prohibited without the prior written consent of PHOD\u00c9.<\/p>\t\t\t\t\t\t\t\t<\/div>\n\t\t\t\t<\/div>\n\t\t\t\t<div class=\"elementor-element elementor-element-2405db7 elementor-widget elementor-widget-text-editor\" data-id=\"2405db7\" data-element_type=\"widget\" data-e-type=\"widget\" data-widget_type=\"text-editor.default\">\n\t\t\t\t<div class=\"elementor-widget-container\">\n\t\t\t\t\t\t\t\t\t<p><strong>ONLINE COMMUNICATION\u00a0:<\/strong><\/p><p>The content of messages sent by email to PHOD\u00c9 is not secure. Users are advised not to send confidential information via this means of communication.<\/p><p>If you fail to comply with the above recommendation, you accept the risk that your messages may be intercepted, misused and\/or diverted by third parties.<\/p><p>\u00a0<\/p><p><strong>LIABILITY DISCLAIMER\u00a0:<\/strong><\/p><p>PHOD\u00c9 may not be held liable for damages resulting directly or indirectly, and of any nature whatsoever, from browsing on the Website or from the accuracy of the information available on the Website (including financial losses, loss of profits or violation of brand image); direct or indirect damage resulting from any defects, viruses or other malfunctions caused to any hardware and\/or software in connection with access to or use of the Website, interception, partial operation or unavailability of the Website, misuse, loss of data, downloading or use of any software made available through the Website, or claims by third parties in connection with the use of the Website, even if PHOD\u00c9 has been informed of the possibility of such damage.<\/p><p>The exclusion of liability also applies to PHOD\u00c9&#8217;s management bodies and employees.<\/p><p>\u00a0<\/p><p>PHOD\u00c9 cannot be held responsible for the hypertext links (mentioned for information purposes only) present on the Website, so that you are solely responsible for referring to the Website via the hypertext links<strong>.\u00a0<\/strong>PHOD\u00c9 does not guarantee the content, use or availability of the products and\/or services provided by these hypertext links.<\/p><p>\u00a0<\/p><p><strong>MODIFICATIONS<\/strong><\/p><p>PHOD\u00c9 reserves the right to modify the information provided on the Website, including the legal notices, at any time and without prior notice.<\/p><p>It is recommended that you read the information provided on the Website, including these provisions, in order to inform yourself of any changes and\/or modifications that may be made by PHOD\u00c9.<\/p>\t\t\t\t\t\t\t\t<\/div>\n\t\t\t\t<\/div>\n\t\t\t\t\t<\/div>\n\t\t<\/div>\n\t\t\t\t\t<\/div>\n\t\t<\/section>\n\t\t\t\t<\/div>\n\t\t","protected":false},"excerpt":{"rendered":"<p>Terms &#038; Conditions Data controler, owner responsible for this website www.phode-animalcare.com : Laboratoires Phod\u00e9ZI Albip\u00f4le &#8211; 81150 Terssac (France)T. +33-(0)5 63 77 80 60 SAS au capital de 1 465 490 \u20acRegistered on the RCS of Albi under number 503 972 598Publication director : M. Pierre Etienne DATA HOSTING OVHSAS au capital de 10 069 [&hellip;]<\/p>\n","protected":false},"author":1,"featured_media":0,"parent":0,"menu_order":0,"comment_status":"closed","ping_status":"closed","template":"elementor_header_footer","meta":{"footnotes":""},"class_list":["post-29612","page","type-page","status-publish","hentry"],"yoast_head":"<!-- This site is optimized with the Yoast SEO plugin v27.0 - https:\/\/yoast.com\/product\/yoast-seo-wordpress\/ -->\n<title>Terms &amp; Conditions - Animal Care<\/title>\n<meta name=\"robots\" content=\"noindex, follow\" \/>\n<meta property=\"og:locale\" content=\"en_GB\" \/>\n<meta property=\"og:type\" content=\"article\" \/>\n<meta property=\"og:title\" content=\"Terms &amp; Conditions - Animal Care\" \/>\n<meta property=\"og:description\" content=\"Terms &#038; Conditions Data controler, owner responsible for this website www.phode-animalcare.com : Laboratoires Phod\u00e9ZI Albip\u00f4le &#8211; 81150 Terssac (France)T. +33-(0)5 63 77 80 60 SAS au capital de 1 465 490 \u20acRegistered on the RCS of Albi under number 503 972 598Publication director : M. Pierre Etienne DATA HOSTING OVHSAS au capital de 10 069 [&hellip;]\" \/>\n<meta property=\"og:url\" content=\"https:\/\/www.phode-animalcare.com\/en-eu\/terms-conditions\/\" \/>\n<meta property=\"og:site_name\" content=\"Animal Care\" \/>\n<meta property=\"article:modified_time\" content=\"2025-06-23T10:23:49+00:00\" \/>\n<meta name=\"twitter:card\" content=\"summary_large_image\" \/>\n<meta name=\"twitter:label1\" content=\"Estimated reading time\" \/>\n\t<meta name=\"twitter:data1\" content=\"7 minutes\" \/>\n<script type=\"application\/ld+json\" class=\"yoast-schema-graph\">{\"@context\":\"https:\/\/schema.org\",\"@graph\":[{\"@type\":\"WebPage\",\"@id\":\"https:\/\/www.phode-animalcare.com\/en-eu\/terms-conditions\/\",\"url\":\"https:\/\/www.phode-animalcare.com\/en-eu\/terms-conditions\/\",\"name\":\"Terms &amp; Conditions - Animal Care\",\"isPartOf\":{\"@id\":\"https:\/\/www.phode-animalcare.com\/en-eu\/#website\"},\"datePublished\":\"2020-03-01T17:38:59+00:00\",\"dateModified\":\"2025-06-23T10:23:49+00:00\",\"breadcrumb\":{\"@id\":\"https:\/\/www.phode-animalcare.com\/en-eu\/terms-conditions\/#breadcrumb\"},\"inLanguage\":\"en-GB\",\"potentialAction\":[{\"@type\":\"ReadAction\",\"target\":[\"https:\/\/www.phode-animalcare.com\/en-eu\/terms-conditions\/\"]}]},{\"@type\":\"BreadcrumbList\",\"@id\":\"https:\/\/www.phode-animalcare.com\/en-eu\/terms-conditions\/#breadcrumb\",\"itemListElement\":[{\"@type\":\"ListItem\",\"position\":1,\"name\":\"Home\",\"item\":\"https:\/\/www.phode-animalcare.com\/en-eu\/\"},{\"@type\":\"ListItem\",\"position\":2,\"name\":\"Terms &amp; Conditions\"}]},{\"@type\":\"WebSite\",\"@id\":\"https:\/\/www.phode-animalcare.com\/en-eu\/#website\",\"url\":\"https:\/\/www.phode-animalcare.com\/en-eu\/\",\"name\":\"Animal Care\",\"description\":\"\",\"publisher\":{\"@id\":\"https:\/\/www.phode-animalcare.com\/en-eu\/#organization\"},\"potentialAction\":[{\"@type\":\"SearchAction\",\"target\":{\"@type\":\"EntryPoint\",\"urlTemplate\":\"https:\/\/www.phode-animalcare.com\/en-eu\/?s={search_term_string}\"},\"query-input\":{\"@type\":\"PropertyValueSpecification\",\"valueRequired\":true,\"valueName\":\"search_term_string\"}}],\"inLanguage\":\"en-GB\"},{\"@type\":\"Organization\",\"@id\":\"https:\/\/www.phode-animalcare.com\/en-eu\/#organization\",\"name\":\"Animal Care\",\"url\":\"https:\/\/www.phode-animalcare.com\/en-eu\/\",\"logo\":{\"@type\":\"ImageObject\",\"inLanguage\":\"en-GB\",\"@id\":\"https:\/\/www.phode-animalcare.com\/en-eu\/#\/schema\/logo\/image\/\",\"url\":\"https:\/\/www.phode-animalcare.com\/wp-content\/uploads\/2023\/10\/Logo-Phode-Animal-Care-horizontal_Plan-de-travail-1.svg\",\"contentUrl\":\"https:\/\/www.phode-animalcare.com\/wp-content\/uploads\/2023\/10\/Logo-Phode-Animal-Care-horizontal_Plan-de-travail-1.svg\",\"width\":595,\"height\":283,\"caption\":\"Animal Care\"},\"image\":{\"@id\":\"https:\/\/www.phode-animalcare.com\/en-eu\/#\/schema\/logo\/image\/\"}}]}<\/script>\n<!-- \/ Yoast SEO plugin. -->","yoast_head_json":{"title":"Terms &amp; Conditions - Animal Care","robots":{"index":"noindex","follow":"follow"},"og_locale":"en_GB","og_type":"article","og_title":"Terms &amp; Conditions - Animal Care","og_description":"Terms &#038; Conditions Data controler, owner responsible for this website www.phode-animalcare.com : Laboratoires Phod\u00e9ZI Albip\u00f4le &#8211; 81150 Terssac (France)T. +33-(0)5 63 77 80 60 SAS au capital de 1 465 490 \u20acRegistered on the RCS of Albi under number 503 972 598Publication director : M. Pierre Etienne DATA HOSTING OVHSAS au capital de 10 069 [&hellip;]","og_url":"https:\/\/www.phode-animalcare.com\/en-eu\/terms-conditions\/","og_site_name":"Animal Care","article_modified_time":"2025-06-23T10:23:49+00:00","twitter_card":"summary_large_image","twitter_misc":{"Estimated reading time":"7 minutes"},"schema":{"@context":"https:\/\/schema.org","@graph":[{"@type":"WebPage","@id":"https:\/\/www.phode-animalcare.com\/en-eu\/terms-conditions\/","url":"https:\/\/www.phode-animalcare.com\/en-eu\/terms-conditions\/","name":"Terms &amp; Conditions - Animal Care","isPartOf":{"@id":"https:\/\/www.phode-animalcare.com\/en-eu\/#website"},"datePublished":"2020-03-01T17:38:59+00:00","dateModified":"2025-06-23T10:23:49+00:00","breadcrumb":{"@id":"https:\/\/www.phode-animalcare.com\/en-eu\/terms-conditions\/#breadcrumb"},"inLanguage":"en-GB","potentialAction":[{"@type":"ReadAction","target":["https:\/\/www.phode-animalcare.com\/en-eu\/terms-conditions\/"]}]},{"@type":"BreadcrumbList","@id":"https:\/\/www.phode-animalcare.com\/en-eu\/terms-conditions\/#breadcrumb","itemListElement":[{"@type":"ListItem","position":1,"name":"Home","item":"https:\/\/www.phode-animalcare.com\/en-eu\/"},{"@type":"ListItem","position":2,"name":"Terms &amp; Conditions"}]},{"@type":"WebSite","@id":"https:\/\/www.phode-animalcare.com\/en-eu\/#website","url":"https:\/\/www.phode-animalcare.com\/en-eu\/","name":"Animal Care","description":"","publisher":{"@id":"https:\/\/www.phode-animalcare.com\/en-eu\/#organization"},"potentialAction":[{"@type":"SearchAction","target":{"@type":"EntryPoint","urlTemplate":"https:\/\/www.phode-animalcare.com\/en-eu\/?s={search_term_string}"},"query-input":{"@type":"PropertyValueSpecification","valueRequired":true,"valueName":"search_term_string"}}],"inLanguage":"en-GB"},{"@type":"Organization","@id":"https:\/\/www.phode-animalcare.com\/en-eu\/#organization","name":"Animal Care","url":"https:\/\/www.phode-animalcare.com\/en-eu\/","logo":{"@type":"ImageObject","inLanguage":"en-GB","@id":"https:\/\/www.phode-animalcare.com\/en-eu\/#\/schema\/logo\/image\/","url":"https:\/\/www.phode-animalcare.com\/wp-content\/uploads\/2023\/10\/Logo-Phode-Animal-Care-horizontal_Plan-de-travail-1.svg","contentUrl":"https:\/\/www.phode-animalcare.com\/wp-content\/uploads\/2023\/10\/Logo-Phode-Animal-Care-horizontal_Plan-de-travail-1.svg","width":595,"height":283,"caption":"Animal Care"},"image":{"@id":"https:\/\/www.phode-animalcare.com\/en-eu\/#\/schema\/logo\/image\/"}}]}},"_links":{"self":[{"href":"https:\/\/www.phode-animalcare.com\/en-eu\/wp-json\/wp\/v2\/pages\/29612","targetHints":{"allow":["GET"]}}],"collection":[{"href":"https:\/\/www.phode-animalcare.com\/en-eu\/wp-json\/wp\/v2\/pages"}],"about":[{"href":"https:\/\/www.phode-animalcare.com\/en-eu\/wp-json\/wp\/v2\/types\/page"}],"author":[{"embeddable":true,"href":"https:\/\/www.phode-animalcare.com\/en-eu\/wp-json\/wp\/v2\/users\/1"}],"replies":[{"embeddable":true,"href":"https:\/\/www.phode-animalcare.com\/en-eu\/wp-json\/wp\/v2\/comments?post=29612"}],"version-history":[{"count":11,"href":"https:\/\/www.phode-animalcare.com\/en-eu\/wp-json\/wp\/v2\/pages\/29612\/revisions"}],"predecessor-version":[{"id":35664,"href":"https:\/\/www.phode-animalcare.com\/en-eu\/wp-json\/wp\/v2\/pages\/29612\/revisions\/35664"}],"wp:attachment":[{"href":"https:\/\/www.phode-animalcare.com\/en-eu\/wp-json\/wp\/v2\/media?parent=29612"}],"curies":[{"name":"wp","href":"https:\/\/api.w.org\/{rel}","templated":true}]}}